{"id":916,"date":"2022-09-14T13:05:39","date_gmt":"2022-09-14T11:05:39","guid":{"rendered":"https:\/\/neurologie-nordcarree.de\/?page_id=916"},"modified":"2022-09-18T16:09:12","modified_gmt":"2022-09-18T14:09:12","slug":"spezialleistungen","status":"publish","type":"page","link":"https:\/\/neurologie-nordcarree.de\/en\/leistungen\/spezialleistungen\/","title":{"rendered":"Spezialleistungen"},"content":{"rendered":"<div data-elementor-type=\"wp-page\" data-elementor-id=\"916\" class=\"elementor elementor-916\" data-elementor-post-type=\"page\">\n\t\t\t\t\t\t<section class=\"ob-is-breaking-bad elementor-section elementor-top-section elementor-element elementor-element-3756c0e5 elementor-section-boxed elementor-section-height-default elementor-section-height-default\" data-id=\"3756c0e5\" data-element_type=\"section\" data-e-type=\"section\" data-settings=\"{&quot;background_background&quot;:&quot;classic&quot;,&quot;_ob_bbad_use_it&quot;:&quot;yes&quot;,&quot;_ob_bbad_sssic_use&quot;:&quot;no&quot;,&quot;_ob_glider_is_slider&quot;:&quot;no&quot;}\">\n\t\t\t\t\t\t<div class=\"elementor-container elementor-column-gap-default\">\n\t\t\t\t\t<div class=\"elementor-column elementor-col-100 elementor-top-column elementor-element elementor-element-4ae6c7a7\" data-id=\"4ae6c7a7\" data-element_type=\"column\" data-e-type=\"column\" data-settings=\"{&quot;_ob_bbad_is_stalker&quot;:&quot;no&quot;,&quot;_ob_teleporter_use&quot;:false,&quot;_ob_column_hoveranimator&quot;:&quot;no&quot;,&quot;_ob_column_has_pseudo&quot;:&quot;no&quot;}\">\n\t\t\t<div class=\"elementor-widget-wrap elementor-element-populated\">\n\t\t\t\t\t\t<div class=\"elementor-element elementor-element-2a47c6f4 ob-harakiri-inherit ob-has-background-overlay elementor-widget elementor-widget-heading\" data-id=\"2a47c6f4\" data-element_type=\"widget\" data-e-type=\"widget\" data-settings=\"{&quot;_ob_use_harakiri&quot;:&quot;yes&quot;,&quot;_ob_harakiri_writing_mode&quot;:&quot;inherit&quot;,&quot;_ob_harakiri_text_clip&quot;:&quot;none&quot;,&quot;_ob_perspektive_use&quot;:&quot;no&quot;,&quot;_ob_poopart_use&quot;:&quot;yes&quot;,&quot;_ob_shadough_use&quot;:&quot;no&quot;,&quot;_ob_allow_hoveranimator&quot;:&quot;no&quot;,&quot;_ob_widget_stalker_use&quot;:&quot;no&quot;}\" data-widget_type=\"heading.default\">\n\t\t\t\t<div class=\"elementor-widget-container\">\n\t\t\t\t\t<h2 class=\"elementor-heading-title elementor-size-default\">Spezialleistungen<\/h2>\t\t\t\t<\/div>\n\t\t\t\t<\/div>\n\t\t\t\t\t<\/div>\n\t\t<\/div>\n\t\t\t\t\t<\/div>\n\t\t<\/section>\n\t\t\t\t<section class=\"ob-is-breaking-bad elementor-section elementor-top-section elementor-element elementor-element-6e106450 elementor-section-boxed elementor-section-height-default elementor-section-height-default\" data-id=\"6e106450\" data-element_type=\"section\" data-e-type=\"section\" data-settings=\"{&quot;_ob_bbad_use_it&quot;:&quot;yes&quot;,&quot;_ob_bbad_sssic_use&quot;:&quot;no&quot;,&quot;_ob_glider_is_slider&quot;:&quot;no&quot;}\">\n\t\t\t\t\t\t<div class=\"elementor-container elementor-column-gap-default\">\n\t\t\t\t\t<div class=\"elementor-column elementor-col-50 elementor-top-column elementor-element elementor-element-a47f996\" data-id=\"a47f996\" data-element_type=\"column\" data-e-type=\"column\" data-settings=\"{&quot;background_background&quot;:&quot;classic&quot;,&quot;_ob_bbad_is_stalker&quot;:&quot;no&quot;,&quot;_ob_teleporter_use&quot;:false,&quot;_ob_column_hoveranimator&quot;:&quot;no&quot;,&quot;_ob_column_has_pseudo&quot;:&quot;no&quot;}\">\n\t\t\t<div class=\"elementor-widget-wrap elementor-element-populated\">\n\t\t\t\t\t\t<div class=\"elementor-element elementor-element-55784864 ob-has-background-overlay elementor-widget elementor-widget-image\" data-id=\"55784864\" data-element_type=\"widget\" data-e-type=\"widget\" data-settings=\"{&quot;_ob_photomorph_use&quot;:&quot;no&quot;,&quot;_ob_perspektive_use&quot;:&quot;no&quot;,&quot;_ob_poopart_use&quot;:&quot;yes&quot;,&quot;_ob_shadough_use&quot;:&quot;no&quot;,&quot;_ob_allow_hoveranimator&quot;:&quot;no&quot;,&quot;_ob_widget_stalker_use&quot;:&quot;no&quot;}\" data-widget_type=\"image.default\">\n\t\t\t\t<div class=\"elementor-widget-container\">\n\t\t\t\t\t\t\t\t\t\t\t\t\t\t\t<img fetchpriority=\"high\" decoding=\"async\" width=\"800\" height=\"533\" src=\"https:\/\/neurologie-nordcarree.de\/wp-content\/uploads\/2022\/09\/spezialleistungen_img1.jpg\" class=\"attachment-large size-large wp-image-937\" alt=\"\" srcset=\"https:\/\/neurologie-nordcarree.de\/wp-content\/uploads\/2022\/09\/spezialleistungen_img1.jpg 800w, https:\/\/neurologie-nordcarree.de\/wp-content\/uploads\/2022\/09\/spezialleistungen_img1-300x200.jpg 300w, https:\/\/neurologie-nordcarree.de\/wp-content\/uploads\/2022\/09\/spezialleistungen_img1-768x512.jpg 768w\" sizes=\"(max-width: 800px) 100vw, 800px\" \/>\t\t\t\t\t\t\t\t\t\t\t\t\t\t\t<\/div>\n\t\t\t\t<\/div>\n\t\t\t\t<div class=\"elementor-element elementor-element-1f173b1c elementor-icon-list--layout-traditional elementor-list-item-link-full_width ob-has-background-overlay elementor-widget elementor-widget-icon-list\" data-id=\"1f173b1c\" data-element_type=\"widget\" data-e-type=\"widget\" data-settings=\"{&quot;_ob_perspektive_use&quot;:&quot;no&quot;,&quot;_ob_poopart_use&quot;:&quot;yes&quot;,&quot;_ob_shadough_use&quot;:&quot;no&quot;,&quot;_ob_allow_hoveranimator&quot;:&quot;no&quot;,&quot;_ob_widget_stalker_use&quot;:&quot;no&quot;}\" data-widget_type=\"icon-list.default\">\n\t\t\t\t<div class=\"elementor-widget-container\">\n\t\t\t\t\t\t\t<ul class=\"elementor-icon-list-items\">\n\t\t\t\t\t\t\t<li class=\"elementor-icon-list-item\">\n\t\t\t\t\t\t\t\t\t\t\t<a href=\"https:\/\/neurologie-nordcarree.de\/leistungen\/behandlungsspektrum\/\">\n\n\t\t\t\t\t\t\t\t\t\t\t<span class=\"elementor-icon-list-text\">+ Services<\/span>\n\t\t\t\t\t\t\t\t\t\t\t<\/a>\n\t\t\t\t\t\t\t\t\t<\/li>\n\t\t\t\t\t\t\t\t<li class=\"elementor-icon-list-item\">\n\t\t\t\t\t\t\t\t\t\t\t<a href=\"https:\/\/neurologie-nordcarree.de\/leistungen\/diagnostik\/\">\n\n\t\t\t\t\t\t\t\t\t\t\t<span class=\"elementor-icon-list-text\">+ Diagnostics<\/span>\n\t\t\t\t\t\t\t\t\t\t\t<\/a>\n\t\t\t\t\t\t\t\t\t<\/li>\n\t\t\t\t\t\t\t\t<li class=\"elementor-icon-list-item\">\n\t\t\t\t\t\t\t\t\t\t\t<a href=\"https:\/\/neurologie-nordcarree.de\/leistungen\/spezialleistungen\/\">\n\n\t\t\t\t\t\t\t\t\t\t\t<span class=\"elementor-icon-list-text\">+ Spezialleistungen<\/span>\n\t\t\t\t\t\t\t\t\t\t\t<\/a>\n\t\t\t\t\t\t\t\t\t<\/li>\n\t\t\t\t\t\t<\/ul>\n\t\t\t\t\t\t<\/div>\n\t\t\t\t<\/div>\n\t\t\t\t\t<\/div>\n\t\t<\/div>\n\t\t\t\t<div class=\"elementor-column elementor-col-50 elementor-top-column elementor-element elementor-element-20f0f14b\" data-id=\"20f0f14b\" data-element_type=\"column\" data-e-type=\"column\" data-settings=\"{&quot;_ob_bbad_is_stalker&quot;:&quot;no&quot;,&quot;_ob_teleporter_use&quot;:false,&quot;_ob_column_hoveranimator&quot;:&quot;no&quot;,&quot;_ob_column_has_pseudo&quot;:&quot;no&quot;}\">\n\t\t\t<div class=\"elementor-widget-wrap elementor-element-populated\">\n\t\t\t\t\t\t<section class=\"ob-is-breaking-bad ob-bb-inner elementor-section elementor-inner-section elementor-element elementor-element-1e591f4f elementor-section-boxed elementor-section-height-default elementor-section-height-default\" data-id=\"1e591f4f\" data-element_type=\"section\" data-e-type=\"section\" data-settings=\"{&quot;_ob_bbad_use_it&quot;:&quot;yes&quot;,&quot;_ob_bbad_sssic_use&quot;:&quot;no&quot;,&quot;_ob_glider_is_slider&quot;:&quot;no&quot;}\">\n\t\t\t\t\t\t<div class=\"elementor-container elementor-column-gap-default\">\n\t\t\t\t\t<div class=\"elementor-column elementor-col-50 elementor-inner-column elementor-element elementor-element-6eb66937\" data-id=\"6eb66937\" data-element_type=\"column\" data-e-type=\"column\" data-settings=\"{&quot;background_background&quot;:&quot;classic&quot;,&quot;_ob_bbad_is_stalker&quot;:&quot;no&quot;,&quot;_ob_teleporter_use&quot;:false,&quot;_ob_column_hoveranimator&quot;:&quot;no&quot;,&quot;_ob_column_has_pseudo&quot;:&quot;no&quot;}\">\n\t\t\t<div class=\"elementor-widget-wrap elementor-element-populated\">\n\t\t\t\t\t\t<div class=\"elementor-element elementor-element-4bb07c05 elementor-vertical-align-top ob-has-background-overlay elementor-widget elementor-widget-image-box\" data-id=\"4bb07c05\" data-element_type=\"widget\" data-e-type=\"widget\" data-settings=\"{&quot;_ob_perspektive_use&quot;:&quot;no&quot;,&quot;_ob_poopart_use&quot;:&quot;yes&quot;,&quot;_ob_shadough_use&quot;:&quot;no&quot;,&quot;_ob_allow_hoveranimator&quot;:&quot;no&quot;,&quot;_ob_widget_stalker_use&quot;:&quot;no&quot;}\" data-widget_type=\"image-box.default\">\n\t\t\t\t<div class=\"elementor-widget-container\">\n\t\t\t\t\t<div class=\"elementor-image-box-wrapper\"><div class=\"elementor-image-box-content\"><h3 class=\"elementor-image-box-title\">Hirnleistungsdiagnostik \/ Demenz-Testungen<\/h3><p class=\"elementor-image-box-description\">Hierzu geh\u00f6ren neben einem EEG (Messung der elektrischen Aktivit\u00e4t der Gehirnstr\u00f6me) auch testpsychologische Untersuchungen, anhand derer Ged\u00e4chtnisdefizite beurteilt werden k\u00f6nnen. Diese Tests k\u00f6nnen besonders im Fr\u00fchstadium einer Demenz wichtige diagnostische Hinweise liefern.  Um die Ursachen einer Demenz zu kl\u00e4ren, kommen weiterhin bildgebende Verfahren (CT, MRT) sowie spezielle Blutuntersuchungen zum Einsatz.<\/p><\/div><\/div>\t\t\t\t<\/div>\n\t\t\t\t<\/div>\n\t\t\t\t<div class=\"elementor-element elementor-element-7c92e16c elementor-vertical-align-top ob-has-background-overlay elementor-widget elementor-widget-image-box\" data-id=\"7c92e16c\" data-element_type=\"widget\" data-e-type=\"widget\" data-settings=\"{&quot;_ob_perspektive_use&quot;:&quot;no&quot;,&quot;_ob_poopart_use&quot;:&quot;yes&quot;,&quot;_ob_shadough_use&quot;:&quot;no&quot;,&quot;_ob_allow_hoveranimator&quot;:&quot;no&quot;,&quot;_ob_widget_stalker_use&quot;:&quot;no&quot;}\" data-widget_type=\"image-box.default\">\n\t\t\t\t<div class=\"elementor-widget-container\">\n\t\t\t\t\t<div class=\"elementor-image-box-wrapper\"><div class=\"elementor-image-box-content\"><h3 class=\"elementor-image-box-title\">Tremoranalyse<\/h3><p class=\"elementor-image-box-description\">Bei einem Tremor (Zittern) ziehen sich einander entgegenwirkende Muskelgruppen abwechselnd rhythmisch zusammen. Der Tremor ist ein h\u00e4ufiges Ph\u00e4nomen und kann im Zusammenhang mit vielen verschiedenen Erkrankungen auftreten. Bei der Tremor-Analyse werden Oberfl\u00e4chenelektroden auf die Haut \u00fcber die betroffenen Muskelgruppen geklebt und computergest\u00fctzt abgeleitet, um somit die Zitterfrequenz zu ermitteln. Die Tremoranalyse hilft bei der weiteren Differenzierung der unterschiedlichen Tremorerkrankungen.<\/p><\/div><\/div>\t\t\t\t<\/div>\n\t\t\t\t<\/div>\n\t\t\t\t<div class=\"elementor-element elementor-element-762de02f elementor-vertical-align-top ob-has-background-overlay elementor-widget elementor-widget-image-box\" data-id=\"762de02f\" data-element_type=\"widget\" data-e-type=\"widget\" data-settings=\"{&quot;_ob_perspektive_use&quot;:&quot;no&quot;,&quot;_ob_poopart_use&quot;:&quot;yes&quot;,&quot;_ob_shadough_use&quot;:&quot;no&quot;,&quot;_ob_allow_hoveranimator&quot;:&quot;no&quot;,&quot;_ob_widget_stalker_use&quot;:&quot;no&quot;}\" data-widget_type=\"image-box.default\">\n\t\t\t\t<div class=\"elementor-widget-container\">\n\t\t\t\t\t<div class=\"elementor-image-box-wrapper\"><div class=\"elementor-image-box-content\"><h3 class=\"elementor-image-box-title\">Schlaganfall Check-up<\/h3><p class=\"elementor-image-box-description\">Dieser umfasst eine Gef\u00e4\u00dfrisiken-Anamnese und eine Ultraschalluntersuchung der hinzuf\u00fchrenden Gef\u00e4\u00dfe. Hiermit k\u00f6nnen z.B. Ablagerungen und Einengungen der Halsschlagader fr\u00fchzeitig erkannt werden. Durch eine zus\u00e4tzliche Blutuntersuchung lassen sich potenzielle Risikofaktoren wie z.B. ein Diabetes mellitus oder eine Fettstoffwechselst\u00f6rung feststellen.<\/p><\/div><\/div>\t\t\t\t<\/div>\n\t\t\t\t<\/div>\n\t\t\t\t\t<\/div>\n\t\t<\/div>\n\t\t\t\t<div class=\"elementor-column elementor-col-50 elementor-inner-column elementor-element elementor-element-411abb2e\" data-id=\"411abb2e\" data-element_type=\"column\" data-e-type=\"column\" data-settings=\"{&quot;_ob_bbad_is_stalker&quot;:&quot;no&quot;,&quot;_ob_teleporter_use&quot;:false,&quot;_ob_column_hoveranimator&quot;:&quot;no&quot;,&quot;_ob_column_has_pseudo&quot;:&quot;no&quot;}\">\n\t\t\t<div class=\"elementor-widget-wrap elementor-element-populated\">\n\t\t\t\t\t\t<div class=\"elementor-element elementor-element-3033be2d elementor-vertical-align-top ob-has-background-overlay elementor-widget elementor-widget-image-box\" data-id=\"3033be2d\" data-element_type=\"widget\" data-e-type=\"widget\" data-settings=\"{&quot;_ob_perspektive_use&quot;:&quot;no&quot;,&quot;_ob_poopart_use&quot;:&quot;yes&quot;,&quot;_ob_shadough_use&quot;:&quot;no&quot;,&quot;_ob_allow_hoveranimator&quot;:&quot;no&quot;,&quot;_ob_widget_stalker_use&quot;:&quot;no&quot;}\" data-widget_type=\"image-box.default\">\n\t\t\t\t<div class=\"elementor-widget-container\">\n\t\t\t\t\t<div class=\"elementor-image-box-wrapper\"><div class=\"elementor-image-box-content\"><h3 class=\"elementor-image-box-title\">Diagnostik und Therapie schlafbezogener Atmungsst\u00f6rungen<\/h3><p class=\"elementor-image-box-description\">Der Schlaf dient der Erhaltung der geistigen und k\u00f6rperlichen Leistungsf\u00e4higkeit, aber auch der Erholung und Regeneration sowie der Infektabwehr und den Genesungsprozessen. Qualitativ guter Schlaf unterst\u00fctzt auch das Ged\u00e4chtnis und die psychische Stabilit\u00e4t. Chronisch schlechter Schlaf f\u00fchrt zu einem erh\u00f6hten Risiko f\u00fcr Herz-Kreislauf-Erkrankungen (z.B. Bluthochdruck, Herzrhythmusst\u00f6rungen, Schlaganfall, etc.), zu Schl\u00e4frigkeit am Tage sowie zu Unkonzentriertheit und nachlassender Leistungsf\u00e4higkeit. Die Symptome einer schlafbezogenen Atmungsst\u00f6rung k\u00f6nnen so vielf\u00e4ltig sein wie ihre Ursachen. Zur Einteilung des Schweregrades der obstruktiven Schlafapnoe f\u00fchre ich in meiner Praxis die kardiorespiratorische Polygraphie (PG) durch, mit der die Bestimmung der Anzahl von Atemstillst\u00e4nden m\u00f6glich ist. Hierzu wird den Patienten f\u00fcr die Anwendung zu Hause ein kleines, tragbares Ger\u00e4t mitgegeben, welches w\u00e4hrend des Schlafens den Luftstrom an Mund und Nase, die Brust- und Bauchbewegungen, die Herzfrequenz, die periphere Sauerstoffs\u00e4ttigung, die K\u00f6rperlage und die Schnarchger\u00e4usche aufgezeichnet. Zur erweiterten Diagnostik dienen auch spezielle Frageb\u00f6gen und Untersuchungen zur Wachheit.<\/p><\/div><\/div>\t\t\t\t<\/div>\n\t\t\t\t<\/div>\n\t\t\t\t\t<\/div>\n\t\t<\/div>\n\t\t\t\t\t<\/div>\n\t\t<\/section>\n\t\t\t\t\t<\/div>\n\t\t<\/div>\n\t\t\t\t\t<\/div>\n\t\t<\/section>\n\t\t\t\t<\/div>","protected":false},"excerpt":{"rendered":"<p>Spezialleistungen + Behandlungsspektrum + Diagnostik + Spezialleistungen Hirnleistungsdiagnostik \/ Demenz-Testungen Hierzu geh\u00f6ren neben einem EEG (Messung der elektrischen Aktivit\u00e4t der Gehirnstr\u00f6me) auch testpsychologische Untersuchungen, anhand derer Ged\u00e4chtnisdefizite beurteilt werden k\u00f6nnen. Diese Tests k\u00f6nnen besonders im Fr\u00fchstadium einer Demenz wichtige diagnostische Hinweise liefern. Um die Ursachen einer Demenz zu kl\u00e4ren, kommen weiterhin bildgebende Verfahren (CT, MRT) [&hellip;]<\/p>\n","protected":false},"author":1,"featured_media":0,"parent":91,"menu_order":0,"comment_status":"closed","ping_status":"closed","template":"elementor_header_footer","meta":{"footnotes":""},"class_list":["post-916","page","type-page","status-publish","hentry"],"_links":{"self":[{"href":"https:\/\/neurologie-nordcarree.de\/en\/wp-json\/wp\/v2\/pages\/916","targetHints":{"allow":["GET"]}}],"collection":[{"href":"https:\/\/neurologie-nordcarree.de\/en\/wp-json\/wp\/v2\/pages"}],"about":[{"href":"https:\/\/neurologie-nordcarree.de\/en\/wp-json\/wp\/v2\/types\/page"}],"author":[{"embeddable":true,"href":"https:\/\/neurologie-nordcarree.de\/en\/wp-json\/wp\/v2\/users\/1"}],"replies":[{"embeddable":true,"href":"https:\/\/neurologie-nordcarree.de\/en\/wp-json\/wp\/v2\/comments?post=916"}],"version-history":[{"count":10,"href":"https:\/\/neurologie-nordcarree.de\/en\/wp-json\/wp\/v2\/pages\/916\/revisions"}],"predecessor-version":[{"id":1128,"href":"https:\/\/neurologie-nordcarree.de\/en\/wp-json\/wp\/v2\/pages\/916\/revisions\/1128"}],"up":[{"embeddable":true,"href":"https:\/\/neurologie-nordcarree.de\/en\/wp-json\/wp\/v2\/pages\/91"}],"wp:attachment":[{"href":"https:\/\/neurologie-nordcarree.de\/en\/wp-json\/wp\/v2\/media?parent=916"}],"curies":[{"name":"wp","href":"https:\/\/api.w.org\/{rel}","templated":true}]}}