{"id":106,"date":"2022-09-01T12:18:16","date_gmt":"2022-09-01T10:18:16","guid":{"rendered":"https:\/\/neurologie-nordcarree.de\/?page_id=106"},"modified":"2026-04-19T12:20:18","modified_gmt":"2026-04-19T10:20:18","slug":"impressum","status":"publish","type":"page","link":"https:\/\/neurologie-nordcarree.de\/en\/impressum\/","title":{"rendered":"Imprint"},"content":{"rendered":"<div data-elementor-type=\"wp-page\" data-elementor-id=\"106\" class=\"elementor elementor-106\" data-elementor-post-type=\"page\">\n\t\t\t\t\t\t<section class=\"ob-is-breaking-bad elementor-section elementor-top-section elementor-element elementor-element-57ccfe26 elementor-section-boxed elementor-section-height-default elementor-section-height-default\" data-id=\"57ccfe26\" data-element_type=\"section\" data-e-type=\"section\" data-settings=\"{&quot;background_background&quot;:&quot;classic&quot;,&quot;_ob_bbad_use_it&quot;:&quot;yes&quot;,&quot;_ob_bbad_sssic_use&quot;:&quot;no&quot;,&quot;_ob_glider_is_slider&quot;:&quot;no&quot;}\">\n\t\t\t\t\t\t<div class=\"elementor-container elementor-column-gap-default\">\n\t\t\t\t\t<div class=\"elementor-column elementor-col-100 elementor-top-column elementor-element elementor-element-1b55602d\" data-id=\"1b55602d\" data-element_type=\"column\" data-e-type=\"column\" data-settings=\"{&quot;_ob_bbad_is_stalker&quot;:&quot;no&quot;,&quot;_ob_teleporter_use&quot;:false,&quot;_ob_column_hoveranimator&quot;:&quot;no&quot;,&quot;_ob_column_has_pseudo&quot;:&quot;no&quot;}\">\n\t\t\t<div class=\"elementor-widget-wrap elementor-element-populated\">\n\t\t\t\t\t\t<div class=\"elementor-element elementor-element-47ef0cc9 ob-harakiri-inherit ob-has-background-overlay elementor-widget elementor-widget-heading\" data-id=\"47ef0cc9\" data-element_type=\"widget\" data-e-type=\"widget\" data-settings=\"{&quot;_ob_use_harakiri&quot;:&quot;yes&quot;,&quot;_ob_harakiri_writing_mode&quot;:&quot;inherit&quot;,&quot;_ob_harakiri_text_clip&quot;:&quot;none&quot;,&quot;_ob_perspektive_use&quot;:&quot;no&quot;,&quot;_ob_poopart_use&quot;:&quot;yes&quot;,&quot;_ob_shadough_use&quot;:&quot;no&quot;,&quot;_ob_allow_hoveranimator&quot;:&quot;no&quot;,&quot;_ob_widget_stalker_use&quot;:&quot;no&quot;}\" data-widget_type=\"heading.default\">\n\t\t\t\t<div class=\"elementor-widget-container\">\n\t\t\t\t\t<h2 class=\"elementor-heading-title elementor-size-default\">Imprint<\/h2>\t\t\t\t<\/div>\n\t\t\t\t<\/div>\n\t\t\t\t\t<\/div>\n\t\t<\/div>\n\t\t\t\t\t<\/div>\n\t\t<\/section>\n\t\t\t\t<section class=\"ob-is-breaking-bad elementor-section elementor-top-section elementor-element elementor-element-7aa434f1 elementor-section-boxed elementor-section-height-default elementor-section-height-default\" data-id=\"7aa434f1\" data-element_type=\"section\" data-e-type=\"section\" data-settings=\"{&quot;_ob_bbad_use_it&quot;:&quot;yes&quot;,&quot;_ob_bbad_sssic_use&quot;:&quot;no&quot;,&quot;_ob_glider_is_slider&quot;:&quot;no&quot;}\">\n\t\t\t\t\t\t<div class=\"elementor-container elementor-column-gap-default\">\n\t\t\t\t\t<div class=\"elementor-column elementor-col-100 elementor-top-column elementor-element elementor-element-1cda775b\" data-id=\"1cda775b\" data-element_type=\"column\" data-e-type=\"column\" data-settings=\"{&quot;_ob_bbad_is_stalker&quot;:&quot;no&quot;,&quot;_ob_teleporter_use&quot;:false,&quot;_ob_column_hoveranimator&quot;:&quot;no&quot;,&quot;_ob_column_has_pseudo&quot;:&quot;no&quot;}\">\n\t\t\t<div class=\"elementor-widget-wrap elementor-element-populated\">\n\t\t\t\t\t\t<div class=\"elementor-element elementor-element-6b9302e2 ob-harakiri-inherit ob-has-background-overlay elementor-widget elementor-widget-text-editor\" data-id=\"6b9302e2\" data-element_type=\"widget\" data-e-type=\"widget\" data-settings=\"{&quot;_ob_use_harakiri&quot;:&quot;yes&quot;,&quot;_ob_harakiri_writing_mode&quot;:&quot;inherit&quot;,&quot;_ob_postman_use&quot;:&quot;no&quot;,&quot;_ob_perspektive_use&quot;:&quot;no&quot;,&quot;_ob_poopart_use&quot;:&quot;yes&quot;,&quot;_ob_shadough_use&quot;:&quot;no&quot;,&quot;_ob_allow_hoveranimator&quot;:&quot;no&quot;,&quot;_ob_widget_stalker_use&quot;:&quot;no&quot;}\" data-widget_type=\"text-editor.default\">\n\t\t\t\t<div class=\"elementor-widget-container\">\n\t\t\t\t\t\t\t\t\t<p class=\"bodytext\"><strong>Private medical practice<\/strong><br \/><strong>Dr. Dr. Bettina Beyreuther<\/strong><br \/>Specialist in Neurology<br \/>Nord Carree 9<br \/>40477 D\u00fcsseldorf<\/p><p class=\"bodytext\">Telephone: 0211 \u2013 48464444<br \/>Telefax: 0211 \u2013 48464445<\/p><p class=\"bodytext\">Website: www.neurologie-nordcarree.de<br \/>E-Mail: info@neuroglogie-nordcarree.de<\/p><p class=\"bodytext\"><strong>Job title:<\/strong><br \/>Doctor (awarded in the Federal Republic of Germany)<\/p><p><strong>Responsible for content:<\/strong><b><br \/><\/b>Dr. Dr. Bettina Beyreuther<\/p><p class=\"bodytext\"><strong>Relevant Medical Association:<\/strong><br \/>North Rhine Medical Association<br \/>Tersteegenstra\u00dfe 9<br \/>40474 D\u00fcsseldorf<br \/><a href=\"http:\/\/www.aekno.de\/\" target=\"_blank\" rel=\"noopener\">www.aekno.de<\/a>\u00a0\u00a0\u00a0\u00a0\u00a0\u00a0<\/p><p class=\"bodytext\"><strong>Professional regulations:<\/strong>\u00a0\u00a0\u00a0\u00a0\u00a0\u00a0\u00a0\u00a0\u00a0<br \/><a class=\"external-link-new-window\" title=\"\u00d6ffnet Link in einem neuen Fenster\" href=\"http:\/\/www.aekno.de\/Berufsordnung\" target=\"_blank\" rel=\"noopener\">Code of Professional Conduct for Doctors in North Rhine-Westphalia<\/a><br \/><a class=\"external-link-new-window\" title=\"\u00d6ffnet Link in einem neuen Fenster\" href=\"http:\/\/www.aekno.de\/Heilberufsgesetz\" target=\"_blank\" rel=\"noopener\">Health Professions Act (North Rhine-Westphalia)<\/a><\/p><p class=\"bodytext\"><strong>Disclaimer:<\/strong><b><br \/><\/b>Although we take great care to check the content, we accept no liability for the content of external links. The operators of the linked sites are solely responsible for their content.<\/p><p class=\"bodytext\"><strong>Data protection:<\/strong><b><br \/><\/b>The data you provide via the contact form or by email will, of course, be treated as confidential and will not be passed on to third parties. This applies in particular to your email address, which we use solely to get in touch with you.<br \/>Further information on data protection can be found in the\u00a0<a class=\"internal-link\" title=\"Data protection\" href=\"https:\/\/neurologin-golzheim.de\/en\/data-protection\/\">Data protection<\/a>.<\/p><p class=\"bodytext\"><strong>Copyright:<\/strong><br \/>Design und Inhalte dieser Website sind urheberrechtlich gesch\u00fctzt. Eine anderweitige Verwendung, auch auszugsweise, ist ohne unsere ausdr\u00fcckliche Zustimmung nicht gestattet. Das Urheberrecht f\u00fcr die verwendeten Fotos liegt bei Bettina Beyreuther.\u00a0<\/p><p><strong>Concept und Webdesign: <\/strong><a href=\"https:\/\/revold.de\">REVOLD | WEB &amp; DESIGN SOLUTIONS<\/a><br \/><b>Photos:<\/b> <a href=\"https:\/\/marsha-glauch.de\/\" target=\"_blank\" rel=\"noopener\">MARSHA GLAUCH<\/a><\/p>\t\t\t\t\t\t\t\t<\/div>\n\t\t\t\t<\/div>\n\t\t\t\t\t<\/div>\n\t\t<\/div>\n\t\t\t\t\t<\/div>\n\t\t<\/section>\n\t\t\t\t<\/div>","protected":false},"excerpt":{"rendered":"<p>Impressum Privat\u00e4rztliche PraxisDr. Dr. Bettina BeyreutherFach\u00e4rztin f\u00fcr NeurologieNord Carree 940477 D\u00fcsseldorf Telefon: 0211 \u2013 48464444Telefax: 0211 \u2013 48464445 Website: www.neurologie-nordcarree.deE-Mail: info@neuroglogie-nordcarree.de Berufsbezeichnung:\u00c4rztin (verliehen in der Bundesrepublik Deutschland) Inhaltlich verantwortlich:Dr. Dr. Bettina Beyreuther Zust\u00e4ndige \u00c4rztekammer:\u00c4rztekammer NordrheinTersteegenstra\u00dfe 940474 D\u00fcsseldorfwww.aekno.de\u00a0\u00a0\u00a0\u00a0\u00a0\u00a0 Berufsrechtliche Regelung:\u00a0\u00a0\u00a0\u00a0\u00a0\u00a0\u00a0\u00a0\u00a0Berufsordnung f\u00fcr die nordrheinischen \u00c4rztinnen und \u00c4rzteHeilberufsgesetz NRW Haftungsausschluss:Trotz sorgf\u00e4ltiger inhaltlicher Kontrolle \u00fcbernehmen wir keine Haftung f\u00fcr [&hellip;]<\/p>\n","protected":false},"author":1,"featured_media":0,"parent":0,"menu_order":0,"comment_status":"closed","ping_status":"closed","template":"elementor_header_footer","meta":{"footnotes":""},"class_list":["post-106","page","type-page","status-publish","hentry"],"_links":{"self":[{"href":"https:\/\/neurologie-nordcarree.de\/en\/wp-json\/wp\/v2\/pages\/106","targetHints":{"allow":["GET"]}}],"collection":[{"href":"https:\/\/neurologie-nordcarree.de\/en\/wp-json\/wp\/v2\/pages"}],"about":[{"href":"https:\/\/neurologie-nordcarree.de\/en\/wp-json\/wp\/v2\/types\/page"}],"author":[{"embeddable":true,"href":"https:\/\/neurologie-nordcarree.de\/en\/wp-json\/wp\/v2\/users\/1"}],"replies":[{"embeddable":true,"href":"https:\/\/neurologie-nordcarree.de\/en\/wp-json\/wp\/v2\/comments?post=106"}],"version-history":[{"count":10,"href":"https:\/\/neurologie-nordcarree.de\/en\/wp-json\/wp\/v2\/pages\/106\/revisions"}],"predecessor-version":[{"id":1689,"href":"https:\/\/neurologie-nordcarree.de\/en\/wp-json\/wp\/v2\/pages\/106\/revisions\/1689"}],"wp:attachment":[{"href":"https:\/\/neurologie-nordcarree.de\/en\/wp-json\/wp\/v2\/media?parent=106"}],"curies":[{"name":"wp","href":"https:\/\/api.w.org\/{rel}","templated":true}]}}